{"id":15331,"date":"2015-05-22T09:17:30","date_gmt":"2015-05-22T09:17:30","guid":{"rendered":"http:\/\/demo.qodeinteractive.com\/bridge105\/?page_id=15331"},"modified":"2021-06-10T23:56:29","modified_gmt":"2021-06-10T23:56:29","slug":"empresa","status":"publish","type":"page","link":"http:\/\/marianazubillaga.com\/inmobiliaria\/empresa\/","title":{"rendered":"Mariana Zubillaga"},"content":{"rendered":"<p>[vc_row css_animation=\u00bb\u00bb row_type=\u00bbrow\u00bb use_row_as_full_screen_section=\u00bbno\u00bb type=\u00bbgrid\u00bb angled_section=\u00bbno\u00bb text_align=\u00bbleft\u00bb background_image_as_pattern=\u00bbwithout_pattern\u00bb padding_top=\u00bb100&#8243; background_color=\u00bb#ffffff\u00bb padding_bottom=\u00bb0&#8243; z_index=\u00bb\u00bb][vc_column width=\u00bb1\/2&#8243;][vc_single_image image=\u00bb15552&#8243; img_size=\u00bbfull\u00bb alignment=\u00bbright\u00bb qode_css_animation=\u00bb\u00bb][vc_separator type=\u00bbtransparent\u00bb up=\u00bb40&#8243; down=\u00bb0&#8243;][\/vc_column][vc_column width=\u00bb1\/2&#8243;][vc_column_text]<\/p>\n<h3 style=\"text-align: left;\">Mariana Zubillaga<\/h3>\n<p>[\/vc_column_text][vc_separator type=\u00bbtransparent\u00bb up=\u00bb22&#8243; down=\u00bb0&#8243;][vc_column_text]<\/p>\n<p style=\"text-align: left;\">Mariana es Martillera P\u00fablica nacional y ha desarrollado su actividad entre las ciudades de Necochea y Carilo. Con una vasta experiencia en venta y alquileres formo un equipo de colaboradores\u00a0altamente capacitado en las distintas \u00e1reas de servicio, para ofrecer a nuestros clientes, la responsabilidad, seriedad y dedicaci\u00f3n que merecen, ya sea, para realizar la mejor inversi\u00f3n \u00f3 para el mejor aprovechamiento de la misma.<\/p>\n<p>[\/vc_column_text][vc_separator type=\u00bbtransparent\u00bb up=\u00bb33&#8243; down=\u00bb0&#8243;][\/vc_column][\/vc_row][vc_row css_animation=\u00bb\u00bb row_type=\u00bbrow\u00bb use_row_as_full_screen_section=\u00bbno\u00bb type=\u00bbgrid\u00bb angled_section=\u00bbno\u00bb text_align=\u00bbleft\u00bb background_image_as_pattern=\u00bbwithout_pattern\u00bb padding_top=\u00bb90&#8243; background_color=\u00bb#ededed\u00bb padding_bottom=\u00bb59&#8243; z_index=\u00bb\u00bb][vc_column width=\u00bb1\/2&#8243;][vc_column_text]<\/p>\n<h3 style=\"text-align: left;\">Negocios Inmobiliarios<\/h3>\n<p>[\/vc_column_text][vc_separator type=\u00bbtransparent\u00bb up=\u00bb22&#8243; down=\u00bb0&#8243;][vc_column_text]<\/p>\n<p style=\"text-align: left;\">Tomamos cada operaci\u00f3n con el respeto que se merece, entendiendo todos los puntos de vista, y buscando que cada parte logre satisfacer sus objetivos. Entendemos y nos ponemos en su lugar para tratar como se merece cada negocio.<\/p>\n<p>[\/vc_column_text][vc_separator type=\u00bbtransparent\u00bb up=\u00bb33&#8243; down=\u00bb0&#8243;]<a  itemprop=\"url\" href=\"https:\/\/api.whatsapp.com\/send?phone=5492262516633&amp;text=Estoy%20contact%C3%A1ndome%20desde%20la%20WEB%20Mariana%20Zubillaga\" target=\"_self\" data-hover-background-color=#000000 data-hover-border-color=#000000 data-hover-color=#dddddd class=\"qbutton  large center enlarge\" style=\"color: #ffffff; border-color: #d10019; border-radius: 3px;-moz-border-radius: 3px;-webkit-border-radius: 3px; background-color: #d10019;\">ENVIAR WHATSAPP<\/a>[vc_column_text]Env\u00edo de WhatsApp: De 9 a 17 hs de lunes a viernes.[\/vc_column_text][vc_separator type=\u00bbtransparent\u00bb up=\u00bb40&#8243; down=\u00bb0&#8243;][\/vc_column][vc_column width=\u00bb1\/2&#8243;][vc_separator type=\u00bbtransparent\u00bb up=\u00bb2&#8243; down=\u00bb0&#8243;]<div class='q_progress_bar'><h5 class='progress_title_holder clearfix' style=''><span class='progress_title'><span>Respeto<\/span><\/span><span class='progress_number' style='color: #222222;font-size: 15px;font-weight: 600;'><span>0<\/span>%<\/span><\/h5><div class='progress_content_outer' style='height: 14px;background-color: #f7f7f7;'><div data-percentage='100' class='progress_content' style='height: 14px;background-color: #1abc9c;'><\/div><\/div><\/div><div class='q_progress_bar'><h5 class='progress_title_holder clearfix' style=''><span class='progress_title'><span>Negociacion<\/span><\/span><span class='progress_number' style='color: #222222;font-size: 15px;font-weight: 600;'><span>0<\/span>%<\/span><\/h5><div class='progress_content_outer' style='height: 14px;background-color: #f7f7f7;'><div data-percentage='50' class='progress_content' style='height: 14px;background-color: #1abc9c;'><\/div><\/div><\/div><div class='q_progress_bar'><h5 class='progress_title_holder clearfix' style=''><span class='progress_title'><span>disponibilidad<\/span><\/span><span class='progress_number' style='color: #222222;font-size: 15px;font-weight: 600;'><span>0<\/span>%<\/span><\/h5><div class='progress_content_outer' style='height: 14px;background-color: #f7f7f7;'><div data-percentage='80' class='progress_content' style='height: 14px;background-color: #1abc9c;'><\/div><\/div><\/div><div class='q_progress_bar'><h5 class='progress_title_holder clearfix' style=''><span class='progress_title'><span>tasa de concreci\u00f3n<\/span><\/span><span class='progress_number' style='color: #222222;font-size: 15px;font-weight: 600;'><span>0<\/span>%<\/span><\/h5><div class='progress_content_outer' style='height: 14px;background-color: #f7f7f7;'><div data-percentage='78' class='progress_content' style='height: 14px;background-color: #1abc9c;'><\/div><\/div><\/div>[\/vc_column][\/vc_row]<\/p>\n","protected":false},"excerpt":{"rendered":"<p>[vc_row css_animation=\u00bb\u00bb row_type=\u00bbrow\u00bb use_row_as_full_screen_section=\u00bbno\u00bb type=\u00bbgrid\u00bb angled_section=\u00bbno\u00bb text_align=\u00bbleft\u00bb background_image_as_pattern=\u00bbwithout_pattern\u00bb padding_top=\u00bb100&#8243; background_color=\u00bb#ffffff\u00bb padding_bottom=\u00bb0&#8243; z_index=\u00bb\u00bb][vc_column width=\u00bb1\/2&#8243;][vc_single_image image=\u00bb15552&#8243; img_size=\u00bbfull\u00bb alignment=\u00bbright\u00bb qode_css_animation=\u00bb\u00bb][vc_separator type=\u00bbtransparent\u00bb up=\u00bb40&#8243; down=\u00bb0&#8243;][\/vc_column][vc_column width=\u00bb1\/2&#8243;][vc_column_text] Mariana Zubillaga [\/vc_column_text][vc_separator type=\u00bbtransparent\u00bb up=\u00bb22&#8243; down=\u00bb0&#8243;][vc_column_text] Mariana es Martillera P\u00fablica nacional y ha desarrollado su actividad entre las ciudades de Necochea y Carilo. Con una vasta experiencia en venta y alquileres formo un equipo de colaboradores\u00a0altamente capacitado en las distintas \u00e1reas de servicio, para ofrecer a nuestros clientes, la responsabilidad, seriedad y dedicaci\u00f3n que merecen, ya sea, para realizar la mejor inversi\u00f3n \u00f3 para el mejor aprovechamiento de la misma. [\/vc_column_text][vc_separator type=\u00bbtransparent\u00bb up=\u00bb33&#8243; down=\u00bb0&#8243;][\/vc_column][\/vc_row][vc_row css_animation=\u00bb\u00bb row_type=\u00bbrow\u00bb use_row_as_full_screen_section=\u00bbno\u00bb type=\u00bbgrid\u00bb angled_section=\u00bbno\u00bb text_align=\u00bbleft\u00bb background_image_as_pattern=\u00bbwithout_pattern\u00bb padding_top=\u00bb90&#8243; background_color=\u00bb#ededed\u00bb padding_bottom=\u00bb59&#8243; z_index=\u00bb\u00bb][vc_column width=\u00bb1\/2&#8243;][vc_column_text] Negocios Inmobiliarios [\/vc_column_text][vc_separator type=\u00bbtransparent\u00bb up=\u00bb22&#8243; down=\u00bb0&#8243;][vc_column_text] Tomamos cada operaci\u00f3n con el respeto que se merece, entendiendo todos los puntos de vista, y buscando que cada parte logre satisfacer sus objetivos. Entendemos y nos ponemos en su lugar para tratar como se merece cada&#8230;<\/p>\n","protected":false},"author":2,"featured_media":0,"parent":0,"menu_order":0,"comment_status":"open","ping_status":"open","template":"full_width.php","meta":{"footnotes":""},"class_list":["post-15331","page","type-page","status-publish","hentry"],"_links":{"self":[{"href":"http:\/\/marianazubillaga.com\/inmobiliaria\/wp-json\/wp\/v2\/pages\/15331","targetHints":{"allow":["GET"]}}],"collection":[{"href":"http:\/\/marianazubillaga.com\/inmobiliaria\/wp-json\/wp\/v2\/pages"}],"about":[{"href":"http:\/\/marianazubillaga.com\/inmobiliaria\/wp-json\/wp\/v2\/types\/page"}],"author":[{"embeddable":true,"href":"http:\/\/marianazubillaga.com\/inmobiliaria\/wp-json\/wp\/v2\/users\/2"}],"replies":[{"embeddable":true,"href":"http:\/\/marianazubillaga.com\/inmobiliaria\/wp-json\/wp\/v2\/comments?post=15331"}],"version-history":[{"count":7,"href":"http:\/\/marianazubillaga.com\/inmobiliaria\/wp-json\/wp\/v2\/pages\/15331\/revisions"}],"predecessor-version":[{"id":16339,"href":"http:\/\/marianazubillaga.com\/inmobiliaria\/wp-json\/wp\/v2\/pages\/15331\/revisions\/16339"}],"wp:attachment":[{"href":"http:\/\/marianazubillaga.com\/inmobiliaria\/wp-json\/wp\/v2\/media?parent=15331"}],"curies":[{"name":"wp","href":"https:\/\/api.w.org\/{rel}","templated":true}]}}